{"id":63,"date":"2023-03-03T13:55:34","date_gmt":"2023-03-03T18:55:26","guid":{"rendered":"https:\/\/www.trincoll.edu\/reporter\/?page_id=63"},"modified":"2023-05-25T11:26:31","modified_gmt":"2023-05-25T15:26:31","slug":"recent-publications","status":"publish","type":"page","link":"https:\/\/www.trincoll.edu\/reporter\/spring-2023\/along-the-walk\/recent-publications\/","title":{"rendered":"Recent Publications"},"content":{"rendered":"<p><em><img loading=\"lazy\" decoding=\"async\" class=\"alignright size-thumbnail wp-image-501\" src=\"https:\/\/www.trincoll.edu\/reporter\/wp-content\/uploads\/sites\/143\/2023\/05\/Screen-Shot-2023-03-19-at-12.19-150x150.jpg\" alt=\"First and Last album cover\" width=\"150\" height=\"150\" srcset=\"https:\/\/www.trincoll.edu\/reporter\/wp-content\/uploads\/sites\/143\/2023\/05\/Screen-Shot-2023-03-19-at-12.19-150x150.jpg 150w, https:\/\/www.trincoll.edu\/reporter\/wp-content\/uploads\/sites\/143\/2023\/05\/Screen-Shot-2023-03-19-at-12.19-300x300.jpg 300w, https:\/\/www.trincoll.edu\/reporter\/wp-content\/uploads\/sites\/143\/2023\/05\/Screen-Shot-2023-03-19-at-12.19-768x768.jpg 768w, https:\/\/www.trincoll.edu\/reporter\/wp-content\/uploads\/sites\/143\/2023\/05\/Screen-Shot-2023-03-19-at-12.19-740x740.jpg 740w, https:\/\/www.trincoll.edu\/reporter\/wp-content\/uploads\/sites\/143\/2023\/05\/Screen-Shot-2023-03-19-at-12.19.jpg 772w\" sizes=\"auto, (max-width: 150px) 100vw, 150px\" \/>First and Last<br \/>\n<\/em>Christopher Houlihan \u201909, John Rose College Organist-and-Directorship Chair of Chapel Music and Artist-in-Residence<br \/>\nAzica Records, 2023<\/p>\n<p><em>Free Speech and Koch Money: Manufacturing a Campus Culture War<br \/>\n<\/em>Ralph Wilson and Isaac Kamola, Associate Professor of Political Science<br \/>\nPluto Press, 2021; 244 pages<\/p>\n<p><em>Asaltos al escenario: humor, g\u00e9nero e historia en el teatro de Sabina Berman<br \/>\n<\/em>Priscilla Mel\u00e9ndez, Professor of Language and Culture Studies<br \/>\nBonilla Artigas Editores, 2021; 384 pages<\/p>\n<figure id=\"attachment_503\" aria-describedby=\"caption-attachment-503\" style=\"width: 500px\" class=\"wp-caption alignright\"><img loading=\"lazy\" decoding=\"async\" class=\"wp-image-503\" src=\"https:\/\/www.trincoll.edu\/reporter\/wp-content\/uploads\/sites\/143\/2023\/05\/Trinity-College-Staff-Books014-1024x704.jpg\" alt=\"books by Trinity faculty and alumni\" width=\"500\" height=\"344\" srcset=\"https:\/\/www.trincoll.edu\/reporter\/wp-content\/uploads\/sites\/143\/2023\/05\/Trinity-College-Staff-Books014-1024x704.jpg 1024w, https:\/\/www.trincoll.edu\/reporter\/wp-content\/uploads\/sites\/143\/2023\/05\/Trinity-College-Staff-Books014-300x206.jpg 300w, https:\/\/www.trincoll.edu\/reporter\/wp-content\/uploads\/sites\/143\/2023\/05\/Trinity-College-Staff-Books014-768x528.jpg 768w, https:\/\/www.trincoll.edu\/reporter\/wp-content\/uploads\/sites\/143\/2023\/05\/Trinity-College-Staff-Books014.jpg 1221w\" sizes=\"auto, (max-width: 500px) 100vw, 500px\" \/><figcaption id=\"caption-attachment-503\" class=\"wp-caption-text\">PHOTO by JOHN ATASHIAN<\/figcaption><\/figure>\n<p><em>Imperial Wine: How the British Empire Made Wine\u2019s New World<br \/>\n<\/em>Jennifer Regan-Lefebvre, Professor of History<br \/>\nUniversity of California Press, 2022; 323 pages<\/p>\n<p><em>Moral Development: Theory and Applications<br \/>\n<\/em>Elizabeth C. Vozzola and Amie K. Senland, Lecturer and Laboratory Coordinator in Psychology<br \/>\nRoutledge, 2022; 243 pages<\/p>\n<p><em>Slavoj \u017di\u017eek und die K\u00fcnste<br \/>\n<\/em>Erik Vogt, <em>Gwendolyn Miles Smith Professor of Philosophy<br \/>\n<\/em>Turia + Kant, 2022; 382 pages<\/p>\n<p><em>The Fabric of Civilization: How Textiles Made the World<br \/>\n<\/em>Virginia Postrel; translated into Japanese by Rieko Wagoner, Principal Lecturer in Language and Culture Studies and International Studies, Emerita<br \/>\nSeidosha, 2022; 384 pages<\/p>\n<p><em>Strategy in Politics: Plotting Victory in a Democracy<br \/>\n<\/em>F. Christopher Arterton \u201965<br \/>\nOxford University Press, 2023; 246 pages<\/p>\n<p><em>The Way We Were: The Making of a Romantic Classic<br \/>\n<\/em>Tom Santopietro \u201976<br \/>\nApplause Theatre &amp; Cinema Books, 2023; 312 pages<\/p>\n<p><em>The New Cold War, China, and the Caribbean: Economic Statecraft, China and Strategic Realignments<br \/>\n<\/em>Scott B. MacDonald \u201978<br \/>\nPalgrave Macmillan, 2022; 302 pages<\/p>\n<p><em>The Kennedy Withdrawal: Camelot and the American Commitment to Vietnam<br \/>\n<\/em>Marc J. Selverstone \u201984<br \/>\nHarvard University Press, 2022; 325 pages<\/p>\n<p><em>Without Restraint: How Skiing Saved My Son\u2019s Life<br \/>\n<\/em>Robert C. DeLena \u201991 and Ryan C. DeLena<br \/>\nFalcon Press\/Globe Pequot, 2023; 272 pages<\/p>\n<p>If you have a book, CD, or video that you would like listed in <em>The Trinity Reporter<\/em>, please submit a copy to Sonya Storch Adams, Office of Communications, Trinity College, 300 Summit Street, Hartford, CT 06106. Questions? Email <a href=\"mailto:sonya.adams@trincoll.edu\">sonya.adams@trincoll.edu<\/a>.<\/p>\n<p>To hear a bit of Christopher Houlihan\u2019s organ music, please visit <a href=\"https:\/\/open.spotify.com\/album\/1nZABw2dLyrn5NbNqtjmXF\" target=\"_blank\" rel=\"noopener\">https:\/\/open.spotify.com\/album\/1nZABw2dLyrn5NbNqtjmXF<\/a>.<\/p>\n","protected":false},"excerpt":{"rendered":"<p>First and Last Christopher Houlihan \u201909, John Rose College Organist-and-Directorship Chair of Chapel Music and Artist-in-Residence Azica Records, 2023 Free Speech and Koch Money: Manufacturing a Campus Culture War Ralph Wilson and Isaac Kamola, Associate Professor of Political Science Pluto Press, 2021; 244 pages Asaltos al escenario: humor, g\u00e9nero e historia en el teatro de [&hellip;]<\/p>\n","protected":false},"author":4,"featured_media":0,"parent":301,"menu_order":9,"comment_status":"closed","ping_status":"closed","template":"","meta":{"_acf_changed":false,"footnotes":""},"class_list":["post-63","page","type-page","status-publish","hentry"],"acf":[],"yoast_head":"<!-- This site is optimized with the Yoast SEO Premium plugin v24.5 (Yoast SEO v25.8) - https:\/\/yoast.com\/wordpress\/plugins\/seo\/ -->\n<title>Recent Publications - The Trinity Reporter<\/title>\n<meta name=\"robots\" content=\"index, follow, max-snippet:-1, max-image-preview:large, max-video-preview:-1\" \/>\n<link rel=\"canonical\" href=\"https:\/\/www.trincoll.edu\/reporter\/spring-2023\/along-the-walk\/recent-publications\/\" \/>\n<meta property=\"og:locale\" content=\"en_US\" \/>\n<meta property=\"og:type\" content=\"article\" \/>\n<meta property=\"og:title\" content=\"Recent Publications\" \/>\n<meta property=\"og:description\" content=\"First and Last Christopher Houlihan \u201909, John Rose College Organist-and-Directorship Chair of Chapel Music and Artist-in-Residence Azica Records, 2023 Free Speech and Koch Money: Manufacturing a Campus Culture War Ralph Wilson and Isaac Kamola, Associate Professor of Political Science Pluto Press, 2021; 244 pages Asaltos al escenario: humor, g\u00e9nero e historia en el teatro de [&hellip;]\" \/>\n<meta property=\"og:url\" content=\"https:\/\/www.trincoll.edu\/reporter\/spring-2023\/along-the-walk\/recent-publications\/\" \/>\n<meta property=\"og:site_name\" content=\"The Trinity Reporter\" \/>\n<meta property=\"article:modified_time\" content=\"2023-05-25T15:26:31+00:00\" \/>\n<meta property=\"og:image\" content=\"https:\/\/www.trincoll.edu\/reporter\/wp-content\/uploads\/sites\/143\/2023\/05\/Screen-Shot-2023-03-19-at-12.19.jpg\" \/>\n\t<meta property=\"og:image:width\" content=\"772\" \/>\n\t<meta property=\"og:image:height\" content=\"772\" \/>\n\t<meta property=\"og:image:type\" content=\"image\/jpeg\" \/>\n<meta name=\"twitter:card\" content=\"summary_large_image\" \/>\n<meta name=\"twitter:label1\" content=\"Est. reading time\" \/>\n\t<meta name=\"twitter:data1\" content=\"2 minutes\" \/>\n<script type=\"application\/ld+json\" class=\"yoast-schema-graph\">{\"@context\":\"https:\/\/schema.org\",\"@graph\":[{\"@type\":\"WebPage\",\"@id\":\"https:\/\/www.trincoll.edu\/reporter\/spring-2023\/along-the-walk\/recent-publications\/\",\"url\":\"https:\/\/www.trincoll.edu\/reporter\/spring-2023\/along-the-walk\/recent-publications\/\",\"name\":\"Recent Publications - The Trinity Reporter\",\"isPartOf\":{\"@id\":\"https:\/\/www.trincoll.edu\/reporter\/#website\"},\"primaryImageOfPage\":{\"@id\":\"https:\/\/www.trincoll.edu\/reporter\/spring-2023\/along-the-walk\/recent-publications\/#primaryimage\"},\"image\":{\"@id\":\"https:\/\/www.trincoll.edu\/reporter\/spring-2023\/along-the-walk\/recent-publications\/#primaryimage\"},\"thumbnailUrl\":\"https:\/\/www.trincoll.edu\/reporter\/wp-content\/uploads\/sites\/143\/2023\/05\/Screen-Shot-2023-03-19-at-12.19-150x150.jpg\",\"datePublished\":\"2023-03-03T18:55:26+00:00\",\"dateModified\":\"2023-05-25T15:26:31+00:00\",\"breadcrumb\":{\"@id\":\"https:\/\/www.trincoll.edu\/reporter\/spring-2023\/along-the-walk\/recent-publications\/#breadcrumb\"},\"inLanguage\":\"en-US\",\"potentialAction\":[{\"@type\":\"ReadAction\",\"target\":[\"https:\/\/www.trincoll.edu\/reporter\/spring-2023\/along-the-walk\/recent-publications\/\"]}]},{\"@type\":\"ImageObject\",\"inLanguage\":\"en-US\",\"@id\":\"https:\/\/www.trincoll.edu\/reporter\/spring-2023\/along-the-walk\/recent-publications\/#primaryimage\",\"url\":\"https:\/\/www.trincoll.edu\/reporter\/wp-content\/uploads\/sites\/143\/2023\/05\/Screen-Shot-2023-03-19-at-12.19.jpg\",\"contentUrl\":\"https:\/\/www.trincoll.edu\/reporter\/wp-content\/uploads\/sites\/143\/2023\/05\/Screen-Shot-2023-03-19-at-12.19.jpg\",\"width\":772,\"height\":772,\"caption\":\"First and Last album cover\"},{\"@type\":\"BreadcrumbList\",\"@id\":\"https:\/\/www.trincoll.edu\/reporter\/spring-2023\/along-the-walk\/recent-publications\/#breadcrumb\",\"itemListElement\":[{\"@type\":\"ListItem\",\"position\":1,\"name\":\"Home\",\"item\":\"https:\/\/www.trincoll.edu\/reporter\/\"},{\"@type\":\"ListItem\",\"position\":2,\"name\":\"The Trinity Reporter Spring 2023\",\"item\":\"https:\/\/www.trincoll.edu\/reporter\/spring-2023\/\"},{\"@type\":\"ListItem\",\"position\":3,\"name\":\"Along the Walk\",\"item\":\"https:\/\/www.trincoll.edu\/reporter\/spring-2023\/along-the-walk\/\"},{\"@type\":\"ListItem\",\"position\":4,\"name\":\"Recent Publications\"}]},{\"@type\":\"WebSite\",\"@id\":\"https:\/\/www.trincoll.edu\/reporter\/#website\",\"url\":\"https:\/\/www.trincoll.edu\/reporter\/\",\"name\":\"The Trinity Reporter\",\"description\":\"The Trinity College alumni magazine\",\"potentialAction\":[{\"@type\":\"SearchAction\",\"target\":{\"@type\":\"EntryPoint\",\"urlTemplate\":\"https:\/\/www.trincoll.edu\/reporter\/?s={search_term_string}\"},\"query-input\":{\"@type\":\"PropertyValueSpecification\",\"valueRequired\":true,\"valueName\":\"search_term_string\"}}],\"inLanguage\":\"en-US\"}]}<\/script>\n<!-- \/ Yoast SEO Premium plugin. -->","yoast_head_json":{"title":"Recent Publications - The Trinity Reporter","robots":{"index":"index","follow":"follow","max-snippet":"max-snippet:-1","max-image-preview":"max-image-preview:large","max-video-preview":"max-video-preview:-1"},"canonical":"https:\/\/www.trincoll.edu\/reporter\/spring-2023\/along-the-walk\/recent-publications\/","og_locale":"en_US","og_type":"article","og_title":"Recent Publications","og_description":"First and Last Christopher Houlihan \u201909, John Rose College Organist-and-Directorship Chair of Chapel Music and Artist-in-Residence Azica Records, 2023 Free Speech and Koch Money: Manufacturing a Campus Culture War Ralph Wilson and Isaac Kamola, Associate Professor of Political Science Pluto Press, 2021; 244 pages Asaltos al escenario: humor, g\u00e9nero e historia en el teatro de [&hellip;]","og_url":"https:\/\/www.trincoll.edu\/reporter\/spring-2023\/along-the-walk\/recent-publications\/","og_site_name":"The Trinity Reporter","article_modified_time":"2023-05-25T15:26:31+00:00","og_image":[{"width":772,"height":772,"url":"https:\/\/www.trincoll.edu\/reporter\/wp-content\/uploads\/sites\/143\/2023\/05\/Screen-Shot-2023-03-19-at-12.19.jpg","type":"image\/jpeg"}],"twitter_card":"summary_large_image","twitter_misc":{"Est. reading time":"2 minutes"},"schema":{"@context":"https:\/\/schema.org","@graph":[{"@type":"WebPage","@id":"https:\/\/www.trincoll.edu\/reporter\/spring-2023\/along-the-walk\/recent-publications\/","url":"https:\/\/www.trincoll.edu\/reporter\/spring-2023\/along-the-walk\/recent-publications\/","name":"Recent Publications - The Trinity Reporter","isPartOf":{"@id":"https:\/\/www.trincoll.edu\/reporter\/#website"},"primaryImageOfPage":{"@id":"https:\/\/www.trincoll.edu\/reporter\/spring-2023\/along-the-walk\/recent-publications\/#primaryimage"},"image":{"@id":"https:\/\/www.trincoll.edu\/reporter\/spring-2023\/along-the-walk\/recent-publications\/#primaryimage"},"thumbnailUrl":"https:\/\/www.trincoll.edu\/reporter\/wp-content\/uploads\/sites\/143\/2023\/05\/Screen-Shot-2023-03-19-at-12.19-150x150.jpg","datePublished":"2023-03-03T18:55:26+00:00","dateModified":"2023-05-25T15:26:31+00:00","breadcrumb":{"@id":"https:\/\/www.trincoll.edu\/reporter\/spring-2023\/along-the-walk\/recent-publications\/#breadcrumb"},"inLanguage":"en-US","potentialAction":[{"@type":"ReadAction","target":["https:\/\/www.trincoll.edu\/reporter\/spring-2023\/along-the-walk\/recent-publications\/"]}]},{"@type":"ImageObject","inLanguage":"en-US","@id":"https:\/\/www.trincoll.edu\/reporter\/spring-2023\/along-the-walk\/recent-publications\/#primaryimage","url":"https:\/\/www.trincoll.edu\/reporter\/wp-content\/uploads\/sites\/143\/2023\/05\/Screen-Shot-2023-03-19-at-12.19.jpg","contentUrl":"https:\/\/www.trincoll.edu\/reporter\/wp-content\/uploads\/sites\/143\/2023\/05\/Screen-Shot-2023-03-19-at-12.19.jpg","width":772,"height":772,"caption":"First and Last album cover"},{"@type":"BreadcrumbList","@id":"https:\/\/www.trincoll.edu\/reporter\/spring-2023\/along-the-walk\/recent-publications\/#breadcrumb","itemListElement":[{"@type":"ListItem","position":1,"name":"Home","item":"https:\/\/www.trincoll.edu\/reporter\/"},{"@type":"ListItem","position":2,"name":"The Trinity Reporter Spring 2023","item":"https:\/\/www.trincoll.edu\/reporter\/spring-2023\/"},{"@type":"ListItem","position":3,"name":"Along the Walk","item":"https:\/\/www.trincoll.edu\/reporter\/spring-2023\/along-the-walk\/"},{"@type":"ListItem","position":4,"name":"Recent Publications"}]},{"@type":"WebSite","@id":"https:\/\/www.trincoll.edu\/reporter\/#website","url":"https:\/\/www.trincoll.edu\/reporter\/","name":"The Trinity Reporter","description":"The Trinity College alumni magazine","potentialAction":[{"@type":"SearchAction","target":{"@type":"EntryPoint","urlTemplate":"https:\/\/www.trincoll.edu\/reporter\/?s={search_term_string}"},"query-input":{"@type":"PropertyValueSpecification","valueRequired":true,"valueName":"search_term_string"}}],"inLanguage":"en-US"}]}},"_links":{"self":[{"href":"https:\/\/www.trincoll.edu\/reporter\/wp-json\/wp\/v2\/pages\/63","targetHints":{"allow":["GET"]}}],"collection":[{"href":"https:\/\/www.trincoll.edu\/reporter\/wp-json\/wp\/v2\/pages"}],"about":[{"href":"https:\/\/www.trincoll.edu\/reporter\/wp-json\/wp\/v2\/types\/page"}],"author":[{"embeddable":true,"href":"https:\/\/www.trincoll.edu\/reporter\/wp-json\/wp\/v2\/users\/4"}],"replies":[{"embeddable":true,"href":"https:\/\/www.trincoll.edu\/reporter\/wp-json\/wp\/v2\/comments?post=63"}],"version-history":[{"count":8,"href":"https:\/\/www.trincoll.edu\/reporter\/wp-json\/wp\/v2\/pages\/63\/revisions"}],"predecessor-version":[{"id":539,"href":"https:\/\/www.trincoll.edu\/reporter\/wp-json\/wp\/v2\/pages\/63\/revisions\/539"}],"up":[{"embeddable":true,"href":"https:\/\/www.trincoll.edu\/reporter\/wp-json\/wp\/v2\/pages\/301"}],"wp:attachment":[{"href":"https:\/\/www.trincoll.edu\/reporter\/wp-json\/wp\/v2\/media?parent=63"}],"curies":[{"name":"wp","href":"https:\/\/api.w.org\/{rel}","templated":true}]}}