{"id":4845,"date":"2026-04-14T19:29:14","date_gmt":"2026-04-14T19:29:14","guid":{"rendered":"https:\/\/www.trincoll.edu\/language-culture-studies\/french-studies\/events\/2026-april-in-paris\/"},"modified":"2026-04-14T19:52:36","modified_gmt":"2026-04-14T19:52:36","slug":"2026-april-in-paris","status":"publish","type":"page","link":"https:\/\/www.trincoll.edu\/language-culture-studies\/french-studies\/events\/2026-april-in-paris\/","title":{"rendered":"2026 April in Paris"},"content":{"rendered":"<h4>Friday April 17, 2026 &#8211; Thursday, April 21, 2026 -Cinestudio<\/h4>\n<ul>\n<li>Friday evening, April 17- 7:00 pm \u2013 No Chains No Masters (Ni Cha\u00eenes ni ma\u00eetres, 2023)<\/li>\n<li>Saturday matin\u00e9e, April 18- 1:00 pm \u2013 The New Gentlemen (Les Nouveaux Messieurs, 1929 silent)<\/li>\n<li>Sunday evening, April 19- 7:00 pm \u2013 When Autumn Comes (Quand vient l\u2019automne, 2024)<\/li>\n<li>Monday evening, April 20- 7:00 pm \u2013 Red Island (L\u2019Ile rouge, 2023)<\/li>\n<li>Tuesday evening finale, April 21- 7:30 pm \u2013 The Umbrellas of Cherbourg (Les Parapluies de<br \/>\nCherbourg)<\/li>\n<\/ul>\n<h4><a href=\"https:\/\/www.trincoll.edu\/language-culture-studies\/wp-content\/uploads\/sites\/21\/2026\/04\/2026-AIP-flyer-final.pdf\" target=\"_blank\" rel=\"noopener\">Click here for a full schedule.<\/a><\/h4>\n<p>&nbsp;<\/p>\n<p>Cinestudio Theater on Trinity Campus, 300 Summit Street in Hartford<br \/>\n<a href=\"http:\/\/cinestudio.org\">Tickets &#8211; http:\/\/cinestudio.org<\/a><\/p>\n<ul>\n<li>General Admission \u2011 $10.00<\/li>\n<li>Student (with ID) \u2011 $8.00<\/li>\n<li>Member \u2011 $7.00<\/li>\n<li>Real Art Ways Member \u2011 $7.00<\/li>\n<li>Senior (62 and Up) \u2011 $8.00<\/li>\n<\/ul>\n<p>&nbsp;<\/p>\n","protected":false},"excerpt":{"rendered":"<p>Friday April 17, 2026 &#8211; Thursday, April 21, 2026 -Cinestudio Friday evening, April 17- 7:00 pm \u2013 No Chains No Masters (Ni Cha\u00eenes ni ma\u00eetres, 2023) Saturday matin\u00e9e, April 18- 1:00 pm \u2013 The New Gentlemen (Les Nouveaux Messieurs, 1929 silent) Sunday evening, April 19- 7:00 pm \u2013 When Autumn Comes (Quand vient l\u2019automne, 2024) [&hellip;]<\/p>\n","protected":false},"author":252,"featured_media":0,"parent":1435,"menu_order":1,"comment_status":"closed","ping_status":"closed","template":"","meta":{"_acf_changed":false,"footnotes":""},"class_list":["post-4845","page","type-page","status-publish","hentry"],"acf":[],"yoast_head":"<!-- This site is optimized with the Yoast SEO Premium plugin v24.5 (Yoast SEO v25.8) - https:\/\/yoast.com\/wordpress\/plugins\/seo\/ -->\n<title>2026 April in Paris - Language and Culture Studies<\/title>\n<meta name=\"robots\" content=\"index, follow, max-snippet:-1, max-image-preview:large, max-video-preview:-1\" \/>\n<link rel=\"canonical\" href=\"https:\/\/www.trincoll.edu\/language-culture-studies\/french-studies\/events\/2026-april-in-paris\/\" \/>\n<meta property=\"og:locale\" content=\"en_US\" \/>\n<meta property=\"og:type\" content=\"article\" \/>\n<meta property=\"og:title\" content=\"2026 April in Paris\" \/>\n<meta property=\"og:description\" content=\"Friday April 17, 2026 &#8211; Thursday, April 21, 2026 -Cinestudio Friday evening, April 17- 7:00 pm \u2013 No Chains No Masters (Ni Cha\u00eenes ni ma\u00eetres, 2023) Saturday matin\u00e9e, April 18- 1:00 pm \u2013 The New Gentlemen (Les Nouveaux Messieurs, 1929 silent) Sunday evening, April 19- 7:00 pm \u2013 When Autumn Comes (Quand vient l\u2019automne, 2024) [&hellip;]\" \/>\n<meta property=\"og:url\" content=\"https:\/\/www.trincoll.edu\/language-culture-studies\/french-studies\/events\/2026-april-in-paris\/\" \/>\n<meta property=\"og:site_name\" content=\"Language and Culture Studies\" \/>\n<meta property=\"article:modified_time\" content=\"2026-04-14T19:52:36+00:00\" \/>\n<meta name=\"twitter:card\" content=\"summary_large_image\" \/>\n<meta name=\"twitter:label1\" content=\"Est. reading time\" \/>\n\t<meta name=\"twitter:data1\" content=\"1 minute\" \/>\n<script type=\"application\/ld+json\" class=\"yoast-schema-graph\">{\"@context\":\"https:\/\/schema.org\",\"@graph\":[{\"@type\":\"WebPage\",\"@id\":\"https:\/\/www.trincoll.edu\/language-culture-studies\/french-studies\/events\/2026-april-in-paris\/\",\"url\":\"https:\/\/www.trincoll.edu\/language-culture-studies\/french-studies\/events\/2026-april-in-paris\/\",\"name\":\"2026 April in Paris - Language and Culture Studies\",\"isPartOf\":{\"@id\":\"https:\/\/www.trincoll.edu\/language-culture-studies\/#website\"},\"datePublished\":\"2026-04-14T19:29:14+00:00\",\"dateModified\":\"2026-04-14T19:52:36+00:00\",\"breadcrumb\":{\"@id\":\"https:\/\/www.trincoll.edu\/language-culture-studies\/french-studies\/events\/2026-april-in-paris\/#breadcrumb\"},\"inLanguage\":\"en-US\",\"potentialAction\":[{\"@type\":\"ReadAction\",\"target\":[\"https:\/\/www.trincoll.edu\/language-culture-studies\/french-studies\/events\/2026-april-in-paris\/\"]}]},{\"@type\":\"BreadcrumbList\",\"@id\":\"https:\/\/www.trincoll.edu\/language-culture-studies\/french-studies\/events\/2026-april-in-paris\/#breadcrumb\",\"itemListElement\":[{\"@type\":\"ListItem\",\"position\":1,\"name\":\"Home\",\"item\":\"https:\/\/www.trincoll.edu\/language-culture-studies\/\"},{\"@type\":\"ListItem\",\"position\":2,\"name\":\"Francophone Studies\",\"item\":\"https:\/\/www.trincoll.edu\/language-culture-studies\/french-studies\/\"},{\"@type\":\"ListItem\",\"position\":3,\"name\":\"Events\",\"item\":\"https:\/\/www.trincoll.edu\/language-culture-studies\/french-studies\/events\/\"},{\"@type\":\"ListItem\",\"position\":4,\"name\":\"2026 April in Paris\"}]},{\"@type\":\"WebSite\",\"@id\":\"https:\/\/www.trincoll.edu\/language-culture-studies\/#website\",\"url\":\"https:\/\/www.trincoll.edu\/language-culture-studies\/\",\"name\":\"Language and Culture Studies\",\"description\":\"\",\"potentialAction\":[{\"@type\":\"SearchAction\",\"target\":{\"@type\":\"EntryPoint\",\"urlTemplate\":\"https:\/\/www.trincoll.edu\/language-culture-studies\/?s={search_term_string}\"},\"query-input\":{\"@type\":\"PropertyValueSpecification\",\"valueRequired\":true,\"valueName\":\"search_term_string\"}}],\"inLanguage\":\"en-US\"}]}<\/script>\n<!-- \/ Yoast SEO Premium plugin. -->","yoast_head_json":{"title":"2026 April in Paris - Language and Culture Studies","robots":{"index":"index","follow":"follow","max-snippet":"max-snippet:-1","max-image-preview":"max-image-preview:large","max-video-preview":"max-video-preview:-1"},"canonical":"https:\/\/www.trincoll.edu\/language-culture-studies\/french-studies\/events\/2026-april-in-paris\/","og_locale":"en_US","og_type":"article","og_title":"2026 April in Paris","og_description":"Friday April 17, 2026 &#8211; Thursday, April 21, 2026 -Cinestudio Friday evening, April 17- 7:00 pm \u2013 No Chains No Masters (Ni Cha\u00eenes ni ma\u00eetres, 2023) Saturday matin\u00e9e, April 18- 1:00 pm \u2013 The New Gentlemen (Les Nouveaux Messieurs, 1929 silent) Sunday evening, April 19- 7:00 pm \u2013 When Autumn Comes (Quand vient l\u2019automne, 2024) [&hellip;]","og_url":"https:\/\/www.trincoll.edu\/language-culture-studies\/french-studies\/events\/2026-april-in-paris\/","og_site_name":"Language and Culture Studies","article_modified_time":"2026-04-14T19:52:36+00:00","twitter_card":"summary_large_image","twitter_misc":{"Est. reading time":"1 minute"},"schema":{"@context":"https:\/\/schema.org","@graph":[{"@type":"WebPage","@id":"https:\/\/www.trincoll.edu\/language-culture-studies\/french-studies\/events\/2026-april-in-paris\/","url":"https:\/\/www.trincoll.edu\/language-culture-studies\/french-studies\/events\/2026-april-in-paris\/","name":"2026 April in Paris - Language and Culture Studies","isPartOf":{"@id":"https:\/\/www.trincoll.edu\/language-culture-studies\/#website"},"datePublished":"2026-04-14T19:29:14+00:00","dateModified":"2026-04-14T19:52:36+00:00","breadcrumb":{"@id":"https:\/\/www.trincoll.edu\/language-culture-studies\/french-studies\/events\/2026-april-in-paris\/#breadcrumb"},"inLanguage":"en-US","potentialAction":[{"@type":"ReadAction","target":["https:\/\/www.trincoll.edu\/language-culture-studies\/french-studies\/events\/2026-april-in-paris\/"]}]},{"@type":"BreadcrumbList","@id":"https:\/\/www.trincoll.edu\/language-culture-studies\/french-studies\/events\/2026-april-in-paris\/#breadcrumb","itemListElement":[{"@type":"ListItem","position":1,"name":"Home","item":"https:\/\/www.trincoll.edu\/language-culture-studies\/"},{"@type":"ListItem","position":2,"name":"Francophone Studies","item":"https:\/\/www.trincoll.edu\/language-culture-studies\/french-studies\/"},{"@type":"ListItem","position":3,"name":"Events","item":"https:\/\/www.trincoll.edu\/language-culture-studies\/french-studies\/events\/"},{"@type":"ListItem","position":4,"name":"2026 April in Paris"}]},{"@type":"WebSite","@id":"https:\/\/www.trincoll.edu\/language-culture-studies\/#website","url":"https:\/\/www.trincoll.edu\/language-culture-studies\/","name":"Language and Culture Studies","description":"","potentialAction":[{"@type":"SearchAction","target":{"@type":"EntryPoint","urlTemplate":"https:\/\/www.trincoll.edu\/language-culture-studies\/?s={search_term_string}"},"query-input":{"@type":"PropertyValueSpecification","valueRequired":true,"valueName":"search_term_string"}}],"inLanguage":"en-US"}]}},"_links":{"self":[{"href":"https:\/\/www.trincoll.edu\/language-culture-studies\/wp-json\/wp\/v2\/pages\/4845","targetHints":{"allow":["GET"]}}],"collection":[{"href":"https:\/\/www.trincoll.edu\/language-culture-studies\/wp-json\/wp\/v2\/pages"}],"about":[{"href":"https:\/\/www.trincoll.edu\/language-culture-studies\/wp-json\/wp\/v2\/types\/page"}],"author":[{"embeddable":true,"href":"https:\/\/www.trincoll.edu\/language-culture-studies\/wp-json\/wp\/v2\/users\/252"}],"replies":[{"embeddable":true,"href":"https:\/\/www.trincoll.edu\/language-culture-studies\/wp-json\/wp\/v2\/comments?post=4845"}],"version-history":[{"count":7,"href":"https:\/\/www.trincoll.edu\/language-culture-studies\/wp-json\/wp\/v2\/pages\/4845\/revisions"}],"predecessor-version":[{"id":4867,"href":"https:\/\/www.trincoll.edu\/language-culture-studies\/wp-json\/wp\/v2\/pages\/4845\/revisions\/4867"}],"up":[{"embeddable":true,"href":"https:\/\/www.trincoll.edu\/language-culture-studies\/wp-json\/wp\/v2\/pages\/1435"}],"wp:attachment":[{"href":"https:\/\/www.trincoll.edu\/language-culture-studies\/wp-json\/wp\/v2\/media?parent=4845"}],"curies":[{"name":"wp","href":"https:\/\/api.w.org\/{rel}","templated":true}]}}