{"id":3157,"date":"2023-02-22T15:41:08","date_gmt":"2023-02-22T15:41:08","guid":{"rendered":"https:\/\/www.trincoll.edu\/language-culture-studies\/?page_id=3157"},"modified":"2023-02-23T13:15:48","modified_gmt":"2023-02-23T13:15:48","slug":"faculty-spotlight-priscilla-melendez","status":"publish","type":"page","link":"https:\/\/www.trincoll.edu\/language-culture-studies\/hispanic-studies\/faculty-and-staff\/faculty-spotlight-priscilla-melendez\/","title":{"rendered":"Faculty Spotlight &#8211; Priscilla Melendez"},"content":{"rendered":"<h4><img loading=\"lazy\" decoding=\"async\" class=\" wp-image-3170 alignleft\" src=\"https:\/\/www.trincoll.edu\/language-culture-studies\/wp-content\/uploads\/sites\/21\/2023\/02\/Melendez1-225x300.jpeg\" alt=\"\" width=\"255\" height=\"340\" srcset=\"https:\/\/www.trincoll.edu\/language-culture-studies\/wp-content\/uploads\/sites\/21\/2023\/02\/Melendez1-225x300.jpeg 225w, https:\/\/www.trincoll.edu\/language-culture-studies\/wp-content\/uploads\/sites\/21\/2023\/02\/Melendez1-rotated.jpeg 480w\" sizes=\"auto, (max-width: 255px) 100vw, 255px\" \/>Priscilla Mel\u00e9ndez<\/h4>\n<p>Professor<br \/>\nHispanic Studies<br \/>\nLanguage\u00a0 and Culture Studies<\/p>\n<p style=\"text-align: justify\">I come from a family whose identity centered on \u201copposite\u201d activities: reading and sports. Growing up with a father who loved sports (especially baseball) but who would constantly read aloud to his three children Spanish and Latin American short stories and poetry, and knowing that my maternal grandmother was not only a suffragist and pharmacist, but someone who participated as a college student in poetry recitations, deeply touched our lives. Not surprisingly, my oldest sister pursued a masters in English language and literature, while my brother and I followed the path of teaching Spanish. (For those curious about my sports\u2019 \u201ccareer\u201d \u2026 it has been defined by passion and joy but not necessarily talent.)<\/p>\n<p style=\"text-align: justify\">I spent much of my summers as an adolescent reading plays \u2013by Lope de Vega, Calder\u00f3n de la Barca, Sor Juana In\u00e9s, Valle-Incl\u00e1n, Garc\u00eda Lorca, Buero Vallejo\u2014, a passion that I continued at the university of Puerto Rico, not yet knowing that I would later pursue a Ph.D. precisely in the field of Latin American theater at Cornell University. I have been teaching at the university level for thirty-eight years, and I continue to greatly enjoy this magnificent career. Being surrounded by young and creative students who are constantly challenging intellectual boundaries has allowed me to stay current, and the opportunity to hear about and touch their lives through literary and cultural analysis has been a privilege. In consonance with classroom dynamics, the possibility of writing and sharing my research findings with others has not only enhanced my teaching but has allowed me to establish a dialogue with scholars from different persuasions and theoretical stands.<\/p>\n<p style=\"text-align: justify\">I have centered my research on twentieth and twenty-first century Mexican, Caribbean and Southern Cone theater, navigating the histories and cultures of regions that are rich in artistic productions. Although my first two books explored particular aspects of the theater of various Latin American countries (Mexico, Argentina, Per\u00fa, Puerto Rico, Cuba), my latest book <em>Asaltos al escenario: Humor, g\u00e9nero e historia en el teatro de Sabina Berman <\/em>(December 2022), is devoted to a singular and prolific Mexican writer whose career as a playwright has been highly distinguished and whose work spans from the experimental and the political to the farcical. Needless to say, my passion for Latin American theater has not interfered with my desire to teach and publish about Latin American narrative.<\/p>\n<p style=\"text-align: justify\">I began my career at large public state institutions \u2013Michigan State University and Penn State University\u2014 but the experience of teaching at a Liberal Arts College for ten years has been truly fulfilling.\u00a0 Although I was able to establish close connections with the students and colleagues of those larger institutions, being at Trinity has allowed me to participate in an academic environment where interaction between disciplines and collaboration among colleagues are paramount values, and this has been extraordinarily rewarding.<\/p>\n<h4><strong>Priscilla&#8217;s latest publication:<\/strong><\/h4>\n<p style=\"text-align: justify\"><i><span style=\"font-size: 11.0pt\"><img loading=\"lazy\" decoding=\"async\" class=\" wp-image-3160 alignright\" src=\"https:\/\/www.trincoll.edu\/language-culture-studies\/wp-content\/uploads\/sites\/21\/2023\/02\/2023-02-Melendez-Photo-225x300.jpeg\" alt=\"\" width=\"260\" height=\"347\" srcset=\"https:\/\/www.trincoll.edu\/language-culture-studies\/wp-content\/uploads\/sites\/21\/2023\/02\/2023-02-Melendez-Photo-225x300.jpeg 225w, https:\/\/www.trincoll.edu\/language-culture-studies\/wp-content\/uploads\/sites\/21\/2023\/02\/2023-02-Melendez-Photo-768x1024.jpeg 768w, https:\/\/www.trincoll.edu\/language-culture-studies\/wp-content\/uploads\/sites\/21\/2023\/02\/2023-02-Melendez-Photo-1152x1536.jpeg 1152w, https:\/\/www.trincoll.edu\/language-culture-studies\/wp-content\/uploads\/sites\/21\/2023\/02\/2023-02-Melendez-Photo-1536x2048.jpeg 1536w, https:\/\/www.trincoll.edu\/language-culture-studies\/wp-content\/uploads\/sites\/21\/2023\/02\/2023-02-Melendez-Photo-735x980.jpeg 735w, https:\/\/www.trincoll.edu\/language-culture-studies\/wp-content\/uploads\/sites\/21\/2023\/02\/2023-02-Melendez-Photo-555x740.jpeg 555w, https:\/\/www.trincoll.edu\/language-culture-studies\/wp-content\/uploads\/sites\/21\/2023\/02\/2023-02-Melendez-Photo-scaled.jpeg 1920w\" sizes=\"auto, (max-width: 260px) 100vw, 260px\" \/><\/span><\/i><em>In <strong>Asaltos al escenario: Humor, g\u00e9nero e historia en el teatro de Sabina Berman,<\/strong> Priscilla Mel\u00e9ndez explores the way in which Mexican playwright Sabina Berman (1956) confronts the history of her country and brings to the theater its social and political crises by means of humor, gender, and history. Through an analysis of eight works by Berman (seven plays and one film script), Mel\u00e9ndez interprets Berman\u2019s work following its three alternating angles: the historical, which portrays political power struggles; that of gender, which encodes symbolically the struggles for social and sexual power; and that of humor, which ironically centers on the caricature of such serious conflicts. That is, this study focuses on Berman\u2019s capacity to create dramatic worlds in which humor coexists and simultaneously collides with the sublime, uncovering at the same time the pleasure and the pain that run through the sociohistorical reality of an individual or a country, as well as through theatrical fiction itself. Berman\u2019s theater carries out its critical project through the theatricalization of historical figures such as Hern\u00e1n Cort\u00e9s, Moli\u00e8re and Racine, Karl Marx, Sigmund Freud, Pancho Villa, Leon Trotski, and events and concepts such as the conquest, the Inquisition, the Mexican Revolution, the assassination of Trotski, machismo, feminicides, and narcotrafficking.<\/em><\/p>\n","protected":false},"excerpt":{"rendered":"<p>Priscilla Mel\u00e9ndez Professor Hispanic Studies Language\u00a0 and Culture Studies I come from a family whose identity centered on \u201copposite\u201d activities: reading and sports. Growing up with a father who loved sports (especially baseball) but who would constantly read aloud to his three children Spanish and Latin American short stories and poetry, and knowing that my [&hellip;]<\/p>\n","protected":false},"author":252,"featured_media":0,"parent":267,"menu_order":0,"comment_status":"closed","ping_status":"closed","template":"","meta":{"_acf_changed":false,"footnotes":""},"class_list":["post-3157","page","type-page","status-publish","hentry"],"acf":[],"yoast_head":"<!-- This site is optimized with the Yoast SEO Premium plugin v24.5 (Yoast SEO v25.8) - https:\/\/yoast.com\/wordpress\/plugins\/seo\/ -->\n<title>Faculty Spotlight - Priscilla Melendez - Language and Culture Studies<\/title>\n<meta name=\"robots\" content=\"index, follow, max-snippet:-1, max-image-preview:large, max-video-preview:-1\" \/>\n<link rel=\"canonical\" href=\"https:\/\/www.trincoll.edu\/language-culture-studies\/hispanic-studies\/faculty-and-staff\/faculty-spotlight-priscilla-melendez\/\" \/>\n<meta property=\"og:locale\" content=\"en_US\" \/>\n<meta property=\"og:type\" content=\"article\" \/>\n<meta property=\"og:title\" content=\"Faculty Spotlight - Priscilla Melendez\" \/>\n<meta property=\"og:description\" content=\"Priscilla Mel\u00e9ndez Professor Hispanic Studies Language\u00a0 and Culture Studies I come from a family whose identity centered on \u201copposite\u201d activities: reading and sports. Growing up with a father who loved sports (especially baseball) but who would constantly read aloud to his three children Spanish and Latin American short stories and poetry, and knowing that my [&hellip;]\" \/>\n<meta property=\"og:url\" content=\"https:\/\/www.trincoll.edu\/language-culture-studies\/hispanic-studies\/faculty-and-staff\/faculty-spotlight-priscilla-melendez\/\" \/>\n<meta property=\"og:site_name\" content=\"Language and Culture Studies\" \/>\n<meta property=\"article:modified_time\" content=\"2023-02-23T13:15:48+00:00\" \/>\n<meta property=\"og:image\" content=\"https:\/\/www.trincoll.edu\/language-culture-studies\/wp-content\/uploads\/sites\/21\/2023\/02\/Melendez1-rotated.jpeg\" \/>\n\t<meta property=\"og:image:width\" content=\"480\" \/>\n\t<meta property=\"og:image:height\" content=\"640\" \/>\n\t<meta property=\"og:image:type\" content=\"image\/jpeg\" \/>\n<meta name=\"twitter:card\" content=\"summary_large_image\" \/>\n<meta name=\"twitter:label1\" content=\"Est. reading time\" \/>\n\t<meta name=\"twitter:data1\" content=\"4 minutes\" \/>\n<script type=\"application\/ld+json\" class=\"yoast-schema-graph\">{\"@context\":\"https:\/\/schema.org\",\"@graph\":[{\"@type\":\"WebPage\",\"@id\":\"https:\/\/www.trincoll.edu\/language-culture-studies\/hispanic-studies\/faculty-and-staff\/faculty-spotlight-priscilla-melendez\/\",\"url\":\"https:\/\/www.trincoll.edu\/language-culture-studies\/hispanic-studies\/faculty-and-staff\/faculty-spotlight-priscilla-melendez\/\",\"name\":\"Faculty Spotlight - Priscilla Melendez - Language and Culture Studies\",\"isPartOf\":{\"@id\":\"https:\/\/www.trincoll.edu\/language-culture-studies\/#website\"},\"primaryImageOfPage\":{\"@id\":\"https:\/\/www.trincoll.edu\/language-culture-studies\/hispanic-studies\/faculty-and-staff\/faculty-spotlight-priscilla-melendez\/#primaryimage\"},\"image\":{\"@id\":\"https:\/\/www.trincoll.edu\/language-culture-studies\/hispanic-studies\/faculty-and-staff\/faculty-spotlight-priscilla-melendez\/#primaryimage\"},\"thumbnailUrl\":\"https:\/\/www.trincoll.edu\/language-culture-studies\/wp-content\/uploads\/sites\/21\/2023\/02\/Melendez1-225x300.jpeg\",\"datePublished\":\"2023-02-22T15:41:08+00:00\",\"dateModified\":\"2023-02-23T13:15:48+00:00\",\"breadcrumb\":{\"@id\":\"https:\/\/www.trincoll.edu\/language-culture-studies\/hispanic-studies\/faculty-and-staff\/faculty-spotlight-priscilla-melendez\/#breadcrumb\"},\"inLanguage\":\"en-US\",\"potentialAction\":[{\"@type\":\"ReadAction\",\"target\":[\"https:\/\/www.trincoll.edu\/language-culture-studies\/hispanic-studies\/faculty-and-staff\/faculty-spotlight-priscilla-melendez\/\"]}]},{\"@type\":\"ImageObject\",\"inLanguage\":\"en-US\",\"@id\":\"https:\/\/www.trincoll.edu\/language-culture-studies\/hispanic-studies\/faculty-and-staff\/faculty-spotlight-priscilla-melendez\/#primaryimage\",\"url\":\"https:\/\/www.trincoll.edu\/language-culture-studies\/wp-content\/uploads\/sites\/21\/2023\/02\/Melendez1-rotated.jpeg\",\"contentUrl\":\"https:\/\/www.trincoll.edu\/language-culture-studies\/wp-content\/uploads\/sites\/21\/2023\/02\/Melendez1-rotated.jpeg\",\"width\":480,\"height\":640},{\"@type\":\"BreadcrumbList\",\"@id\":\"https:\/\/www.trincoll.edu\/language-culture-studies\/hispanic-studies\/faculty-and-staff\/faculty-spotlight-priscilla-melendez\/#breadcrumb\",\"itemListElement\":[{\"@type\":\"ListItem\",\"position\":1,\"name\":\"Home\",\"item\":\"https:\/\/www.trincoll.edu\/language-culture-studies\/\"},{\"@type\":\"ListItem\",\"position\":2,\"name\":\"Hispanic Studies\",\"item\":\"https:\/\/www.trincoll.edu\/language-culture-studies\/hispanic-studies\/\"},{\"@type\":\"ListItem\",\"position\":3,\"name\":\"Faculty and Staff\",\"item\":\"https:\/\/www.trincoll.edu\/language-culture-studies\/hispanic-studies\/faculty-and-staff\/\"},{\"@type\":\"ListItem\",\"position\":4,\"name\":\"Faculty Spotlight &#8211; Priscilla Melendez\"}]},{\"@type\":\"WebSite\",\"@id\":\"https:\/\/www.trincoll.edu\/language-culture-studies\/#website\",\"url\":\"https:\/\/www.trincoll.edu\/language-culture-studies\/\",\"name\":\"Language and Culture Studies\",\"description\":\"\",\"potentialAction\":[{\"@type\":\"SearchAction\",\"target\":{\"@type\":\"EntryPoint\",\"urlTemplate\":\"https:\/\/www.trincoll.edu\/language-culture-studies\/?s={search_term_string}\"},\"query-input\":{\"@type\":\"PropertyValueSpecification\",\"valueRequired\":true,\"valueName\":\"search_term_string\"}}],\"inLanguage\":\"en-US\"}]}<\/script>\n<!-- \/ Yoast SEO Premium plugin. -->","yoast_head_json":{"title":"Faculty Spotlight - Priscilla Melendez - Language and Culture Studies","robots":{"index":"index","follow":"follow","max-snippet":"max-snippet:-1","max-image-preview":"max-image-preview:large","max-video-preview":"max-video-preview:-1"},"canonical":"https:\/\/www.trincoll.edu\/language-culture-studies\/hispanic-studies\/faculty-and-staff\/faculty-spotlight-priscilla-melendez\/","og_locale":"en_US","og_type":"article","og_title":"Faculty Spotlight - Priscilla Melendez","og_description":"Priscilla Mel\u00e9ndez Professor Hispanic Studies Language\u00a0 and Culture Studies I come from a family whose identity centered on \u201copposite\u201d activities: reading and sports. Growing up with a father who loved sports (especially baseball) but who would constantly read aloud to his three children Spanish and Latin American short stories and poetry, and knowing that my [&hellip;]","og_url":"https:\/\/www.trincoll.edu\/language-culture-studies\/hispanic-studies\/faculty-and-staff\/faculty-spotlight-priscilla-melendez\/","og_site_name":"Language and Culture Studies","article_modified_time":"2023-02-23T13:15:48+00:00","og_image":[{"width":480,"height":640,"url":"https:\/\/www.trincoll.edu\/language-culture-studies\/wp-content\/uploads\/sites\/21\/2023\/02\/Melendez1-rotated.jpeg","type":"image\/jpeg"}],"twitter_card":"summary_large_image","twitter_misc":{"Est. reading time":"4 minutes"},"schema":{"@context":"https:\/\/schema.org","@graph":[{"@type":"WebPage","@id":"https:\/\/www.trincoll.edu\/language-culture-studies\/hispanic-studies\/faculty-and-staff\/faculty-spotlight-priscilla-melendez\/","url":"https:\/\/www.trincoll.edu\/language-culture-studies\/hispanic-studies\/faculty-and-staff\/faculty-spotlight-priscilla-melendez\/","name":"Faculty Spotlight - Priscilla Melendez - Language and Culture Studies","isPartOf":{"@id":"https:\/\/www.trincoll.edu\/language-culture-studies\/#website"},"primaryImageOfPage":{"@id":"https:\/\/www.trincoll.edu\/language-culture-studies\/hispanic-studies\/faculty-and-staff\/faculty-spotlight-priscilla-melendez\/#primaryimage"},"image":{"@id":"https:\/\/www.trincoll.edu\/language-culture-studies\/hispanic-studies\/faculty-and-staff\/faculty-spotlight-priscilla-melendez\/#primaryimage"},"thumbnailUrl":"https:\/\/www.trincoll.edu\/language-culture-studies\/wp-content\/uploads\/sites\/21\/2023\/02\/Melendez1-225x300.jpeg","datePublished":"2023-02-22T15:41:08+00:00","dateModified":"2023-02-23T13:15:48+00:00","breadcrumb":{"@id":"https:\/\/www.trincoll.edu\/language-culture-studies\/hispanic-studies\/faculty-and-staff\/faculty-spotlight-priscilla-melendez\/#breadcrumb"},"inLanguage":"en-US","potentialAction":[{"@type":"ReadAction","target":["https:\/\/www.trincoll.edu\/language-culture-studies\/hispanic-studies\/faculty-and-staff\/faculty-spotlight-priscilla-melendez\/"]}]},{"@type":"ImageObject","inLanguage":"en-US","@id":"https:\/\/www.trincoll.edu\/language-culture-studies\/hispanic-studies\/faculty-and-staff\/faculty-spotlight-priscilla-melendez\/#primaryimage","url":"https:\/\/www.trincoll.edu\/language-culture-studies\/wp-content\/uploads\/sites\/21\/2023\/02\/Melendez1-rotated.jpeg","contentUrl":"https:\/\/www.trincoll.edu\/language-culture-studies\/wp-content\/uploads\/sites\/21\/2023\/02\/Melendez1-rotated.jpeg","width":480,"height":640},{"@type":"BreadcrumbList","@id":"https:\/\/www.trincoll.edu\/language-culture-studies\/hispanic-studies\/faculty-and-staff\/faculty-spotlight-priscilla-melendez\/#breadcrumb","itemListElement":[{"@type":"ListItem","position":1,"name":"Home","item":"https:\/\/www.trincoll.edu\/language-culture-studies\/"},{"@type":"ListItem","position":2,"name":"Hispanic Studies","item":"https:\/\/www.trincoll.edu\/language-culture-studies\/hispanic-studies\/"},{"@type":"ListItem","position":3,"name":"Faculty and Staff","item":"https:\/\/www.trincoll.edu\/language-culture-studies\/hispanic-studies\/faculty-and-staff\/"},{"@type":"ListItem","position":4,"name":"Faculty Spotlight &#8211; Priscilla Melendez"}]},{"@type":"WebSite","@id":"https:\/\/www.trincoll.edu\/language-culture-studies\/#website","url":"https:\/\/www.trincoll.edu\/language-culture-studies\/","name":"Language and Culture Studies","description":"","potentialAction":[{"@type":"SearchAction","target":{"@type":"EntryPoint","urlTemplate":"https:\/\/www.trincoll.edu\/language-culture-studies\/?s={search_term_string}"},"query-input":{"@type":"PropertyValueSpecification","valueRequired":true,"valueName":"search_term_string"}}],"inLanguage":"en-US"}]}},"_links":{"self":[{"href":"https:\/\/www.trincoll.edu\/language-culture-studies\/wp-json\/wp\/v2\/pages\/3157","targetHints":{"allow":["GET"]}}],"collection":[{"href":"https:\/\/www.trincoll.edu\/language-culture-studies\/wp-json\/wp\/v2\/pages"}],"about":[{"href":"https:\/\/www.trincoll.edu\/language-culture-studies\/wp-json\/wp\/v2\/types\/page"}],"author":[{"embeddable":true,"href":"https:\/\/www.trincoll.edu\/language-culture-studies\/wp-json\/wp\/v2\/users\/252"}],"replies":[{"embeddable":true,"href":"https:\/\/www.trincoll.edu\/language-culture-studies\/wp-json\/wp\/v2\/comments?post=3157"}],"version-history":[{"count":0,"href":"https:\/\/www.trincoll.edu\/language-culture-studies\/wp-json\/wp\/v2\/pages\/3157\/revisions"}],"up":[{"embeddable":true,"href":"https:\/\/www.trincoll.edu\/language-culture-studies\/wp-json\/wp\/v2\/pages\/267"}],"wp:attachment":[{"href":"https:\/\/www.trincoll.edu\/language-culture-studies\/wp-json\/wp\/v2\/media?parent=3157"}],"curies":[{"name":"wp","href":"https:\/\/api.w.org\/{rel}","templated":true}]}}