{"id":815,"date":"2020-11-19T14:57:56","date_gmt":"2020-11-19T14:57:56","guid":{"rendered":"https:\/\/www.trincoll.edu\/english\/?page_id=815"},"modified":"2020-11-19T15:03:53","modified_gmt":"2020-11-19T15:03:53","slug":"cinematic-modernism","status":"publish","type":"page","link":"https:\/\/www.trincoll.edu\/english\/spring-and-summer1-course-information\/upper-level-courses\/cinematic-modernism\/","title":{"rendered":"Cinematic Modernism"},"content":{"rendered":"<p><img loading=\"lazy\" decoding=\"async\" class=\"size-medium wp-image-816 alignleft\" src=\"https:\/\/www.trincoll.edu\/english\/wp-content\/uploads\/sites\/40\/2020\/11\/Cinematic-Modernism-Spring-2021-Festivus-Flyer-JP-Younger-300x93.jpg\" alt=\"\" width=\"300\" height=\"93\" srcset=\"https:\/\/www.trincoll.edu\/english\/wp-content\/uploads\/sites\/40\/2020\/11\/Cinematic-Modernism-Spring-2021-Festivus-Flyer-JP-Younger-300x93.jpg 300w, https:\/\/www.trincoll.edu\/english\/wp-content\/uploads\/sites\/40\/2020\/11\/Cinematic-Modernism-Spring-2021-Festivus-Flyer-JP-Younger-768x238.jpg 768w, https:\/\/www.trincoll.edu\/english\/wp-content\/uploads\/sites\/40\/2020\/11\/Cinematic-Modernism-Spring-2021-Festivus-Flyer-JP-Younger.jpg 921w\" sizes=\"auto, (max-width: 300px) 100vw, 300px\" \/>The 30-year period from 1950-1980 is often regarded as the golden age of European cinema. Launched by the post-war epiphanies of Italian Neorealism, a new cinematic language, modernism, was forged by movements of young radicals and older directors eager to transcend their past achievements. Embraced by an expanding audience of cinephiles (self-educated film-lovers), modernist cinema became one of the most dynamic and significant phenomena of late 20th century culture and continues to thrive today. This course offers an introduction to this essential area of film history and will situate key directors and movements within the exciting political and cultural contexts of the times.<\/p>\n<p><strong>Readings<\/strong><\/p>\n<p>You will find the following required texts at the Trinity Bookstore listed under the course number in the spring but are also encouraged to purchase inexpensive used editions online over the winter break if you wish. Additional required readings will be posted on Moodle.<\/p>\n<p>Andr\u00e1s B\u00e1lint Kov\u00e1cs, <em>Screening Modernism: European Art Cinema, 1950-1980<\/em> (University of Chicago Press, 2008).<\/p>\n","protected":false},"excerpt":{"rendered":"<p>The 30-year period from 1950-1980 is often regarded as the golden age of European cinema. Launched by the post-war epiphanies of Italian Neorealism, a new cinematic language, modernism, was forged by movements of young radicals and older directors eager to transcend their past achievements. Embraced by an expanding audience of cinephiles (self-educated film-lovers), modernist cinema [&hellip;]<\/p>\n","protected":false},"author":292,"featured_media":0,"parent":423,"menu_order":2,"comment_status":"closed","ping_status":"closed","template":"","meta":{"_acf_changed":false,"footnotes":""},"class_list":["post-815","page","type-page","status-publish","hentry"],"acf":[],"yoast_head":"<!-- This site is optimized with the Yoast SEO Premium plugin v24.5 (Yoast SEO v25.8) - https:\/\/yoast.com\/wordpress\/plugins\/seo\/ -->\n<title>Cinematic Modernism - English<\/title>\n<meta name=\"robots\" content=\"index, follow, max-snippet:-1, max-image-preview:large, max-video-preview:-1\" \/>\n<link rel=\"canonical\" href=\"https:\/\/www.trincoll.edu\/english\/spring-and-summer1-course-information\/upper-level-courses\/cinematic-modernism\/\" \/>\n<meta property=\"og:locale\" content=\"en_US\" \/>\n<meta property=\"og:type\" content=\"article\" \/>\n<meta property=\"og:title\" content=\"Cinematic Modernism\" \/>\n<meta property=\"og:description\" content=\"The 30-year period from 1950-1980 is often regarded as the golden age of European cinema. Launched by the post-war epiphanies of Italian Neorealism, a new cinematic language, modernism, was forged by movements of young radicals and older directors eager to transcend their past achievements. Embraced by an expanding audience of cinephiles (self-educated film-lovers), modernist cinema [&hellip;]\" \/>\n<meta property=\"og:url\" content=\"https:\/\/www.trincoll.edu\/english\/spring-and-summer1-course-information\/upper-level-courses\/cinematic-modernism\/\" \/>\n<meta property=\"og:site_name\" content=\"English\" \/>\n<meta property=\"article:modified_time\" content=\"2020-11-19T15:03:53+00:00\" \/>\n<meta property=\"og:image\" content=\"https:\/\/www.trincoll.edu\/english\/wp-content\/uploads\/sites\/40\/2020\/11\/Cinematic-Modernism-Spring-2021-Festivus-Flyer-JP-Younger.jpg\" \/>\n\t<meta property=\"og:image:width\" content=\"921\" \/>\n\t<meta property=\"og:image:height\" content=\"286\" \/>\n\t<meta property=\"og:image:type\" content=\"image\/jpeg\" \/>\n<meta name=\"twitter:card\" content=\"summary_large_image\" \/>\n<meta name=\"twitter:label1\" content=\"Est. reading time\" \/>\n\t<meta name=\"twitter:data1\" content=\"1 minute\" \/>\n<script type=\"application\/ld+json\" class=\"yoast-schema-graph\">{\"@context\":\"https:\/\/schema.org\",\"@graph\":[{\"@type\":\"WebPage\",\"@id\":\"https:\/\/www.trincoll.edu\/english\/spring-and-summer1-course-information\/upper-level-courses\/cinematic-modernism\/\",\"url\":\"https:\/\/www.trincoll.edu\/english\/spring-and-summer1-course-information\/upper-level-courses\/cinematic-modernism\/\",\"name\":\"Cinematic Modernism - English\",\"isPartOf\":{\"@id\":\"https:\/\/www.trincoll.edu\/english\/#website\"},\"primaryImageOfPage\":{\"@id\":\"https:\/\/www.trincoll.edu\/english\/spring-and-summer1-course-information\/upper-level-courses\/cinematic-modernism\/#primaryimage\"},\"image\":{\"@id\":\"https:\/\/www.trincoll.edu\/english\/spring-and-summer1-course-information\/upper-level-courses\/cinematic-modernism\/#primaryimage\"},\"thumbnailUrl\":\"https:\/\/www.trincoll.edu\/english\/wp-content\/uploads\/sites\/40\/2020\/11\/Cinematic-Modernism-Spring-2021-Festivus-Flyer-JP-Younger-300x93.jpg\",\"datePublished\":\"2020-11-19T14:57:56+00:00\",\"dateModified\":\"2020-11-19T15:03:53+00:00\",\"breadcrumb\":{\"@id\":\"https:\/\/www.trincoll.edu\/english\/spring-and-summer1-course-information\/upper-level-courses\/cinematic-modernism\/#breadcrumb\"},\"inLanguage\":\"en-US\",\"potentialAction\":[{\"@type\":\"ReadAction\",\"target\":[\"https:\/\/www.trincoll.edu\/english\/spring-and-summer1-course-information\/upper-level-courses\/cinematic-modernism\/\"]}]},{\"@type\":\"ImageObject\",\"inLanguage\":\"en-US\",\"@id\":\"https:\/\/www.trincoll.edu\/english\/spring-and-summer1-course-information\/upper-level-courses\/cinematic-modernism\/#primaryimage\",\"url\":\"https:\/\/www.trincoll.edu\/english\/wp-content\/uploads\/sites\/40\/2020\/11\/Cinematic-Modernism-Spring-2021-Festivus-Flyer-JP-Younger.jpg\",\"contentUrl\":\"https:\/\/www.trincoll.edu\/english\/wp-content\/uploads\/sites\/40\/2020\/11\/Cinematic-Modernism-Spring-2021-Festivus-Flyer-JP-Younger.jpg\",\"width\":921,\"height\":286},{\"@type\":\"BreadcrumbList\",\"@id\":\"https:\/\/www.trincoll.edu\/english\/spring-and-summer1-course-information\/upper-level-courses\/cinematic-modernism\/#breadcrumb\",\"itemListElement\":[{\"@type\":\"ListItem\",\"position\":1,\"name\":\"Home\",\"item\":\"https:\/\/www.trincoll.edu\/english\/\"},{\"@type\":\"ListItem\",\"position\":2,\"name\":\"Private: Spring and Summer I Course Information\",\"item\":\"https:\/\/www.trincoll.edu\/english\/?page_id=403\"},{\"@type\":\"ListItem\",\"position\":3,\"name\":\"Upper-Level Courses\",\"item\":\"https:\/\/www.trincoll.edu\/english\/spring-and-summer1-course-information\/upper-level-courses\/\"},{\"@type\":\"ListItem\",\"position\":4,\"name\":\"Cinematic Modernism\"}]},{\"@type\":\"WebSite\",\"@id\":\"https:\/\/www.trincoll.edu\/english\/#website\",\"url\":\"https:\/\/www.trincoll.edu\/english\/\",\"name\":\"English\",\"description\":\"Department of English at Trinity College\",\"potentialAction\":[{\"@type\":\"SearchAction\",\"target\":{\"@type\":\"EntryPoint\",\"urlTemplate\":\"https:\/\/www.trincoll.edu\/english\/?s={search_term_string}\"},\"query-input\":{\"@type\":\"PropertyValueSpecification\",\"valueRequired\":true,\"valueName\":\"search_term_string\"}}],\"inLanguage\":\"en-US\"}]}<\/script>\n<!-- \/ Yoast SEO Premium plugin. -->","yoast_head_json":{"title":"Cinematic Modernism - English","robots":{"index":"index","follow":"follow","max-snippet":"max-snippet:-1","max-image-preview":"max-image-preview:large","max-video-preview":"max-video-preview:-1"},"canonical":"https:\/\/www.trincoll.edu\/english\/spring-and-summer1-course-information\/upper-level-courses\/cinematic-modernism\/","og_locale":"en_US","og_type":"article","og_title":"Cinematic Modernism","og_description":"The 30-year period from 1950-1980 is often regarded as the golden age of European cinema. Launched by the post-war epiphanies of Italian Neorealism, a new cinematic language, modernism, was forged by movements of young radicals and older directors eager to transcend their past achievements. Embraced by an expanding audience of cinephiles (self-educated film-lovers), modernist cinema [&hellip;]","og_url":"https:\/\/www.trincoll.edu\/english\/spring-and-summer1-course-information\/upper-level-courses\/cinematic-modernism\/","og_site_name":"English","article_modified_time":"2020-11-19T15:03:53+00:00","og_image":[{"width":921,"height":286,"url":"https:\/\/www.trincoll.edu\/english\/wp-content\/uploads\/sites\/40\/2020\/11\/Cinematic-Modernism-Spring-2021-Festivus-Flyer-JP-Younger.jpg","type":"image\/jpeg"}],"twitter_card":"summary_large_image","twitter_misc":{"Est. reading time":"1 minute"},"schema":{"@context":"https:\/\/schema.org","@graph":[{"@type":"WebPage","@id":"https:\/\/www.trincoll.edu\/english\/spring-and-summer1-course-information\/upper-level-courses\/cinematic-modernism\/","url":"https:\/\/www.trincoll.edu\/english\/spring-and-summer1-course-information\/upper-level-courses\/cinematic-modernism\/","name":"Cinematic Modernism - English","isPartOf":{"@id":"https:\/\/www.trincoll.edu\/english\/#website"},"primaryImageOfPage":{"@id":"https:\/\/www.trincoll.edu\/english\/spring-and-summer1-course-information\/upper-level-courses\/cinematic-modernism\/#primaryimage"},"image":{"@id":"https:\/\/www.trincoll.edu\/english\/spring-and-summer1-course-information\/upper-level-courses\/cinematic-modernism\/#primaryimage"},"thumbnailUrl":"https:\/\/www.trincoll.edu\/english\/wp-content\/uploads\/sites\/40\/2020\/11\/Cinematic-Modernism-Spring-2021-Festivus-Flyer-JP-Younger-300x93.jpg","datePublished":"2020-11-19T14:57:56+00:00","dateModified":"2020-11-19T15:03:53+00:00","breadcrumb":{"@id":"https:\/\/www.trincoll.edu\/english\/spring-and-summer1-course-information\/upper-level-courses\/cinematic-modernism\/#breadcrumb"},"inLanguage":"en-US","potentialAction":[{"@type":"ReadAction","target":["https:\/\/www.trincoll.edu\/english\/spring-and-summer1-course-information\/upper-level-courses\/cinematic-modernism\/"]}]},{"@type":"ImageObject","inLanguage":"en-US","@id":"https:\/\/www.trincoll.edu\/english\/spring-and-summer1-course-information\/upper-level-courses\/cinematic-modernism\/#primaryimage","url":"https:\/\/www.trincoll.edu\/english\/wp-content\/uploads\/sites\/40\/2020\/11\/Cinematic-Modernism-Spring-2021-Festivus-Flyer-JP-Younger.jpg","contentUrl":"https:\/\/www.trincoll.edu\/english\/wp-content\/uploads\/sites\/40\/2020\/11\/Cinematic-Modernism-Spring-2021-Festivus-Flyer-JP-Younger.jpg","width":921,"height":286},{"@type":"BreadcrumbList","@id":"https:\/\/www.trincoll.edu\/english\/spring-and-summer1-course-information\/upper-level-courses\/cinematic-modernism\/#breadcrumb","itemListElement":[{"@type":"ListItem","position":1,"name":"Home","item":"https:\/\/www.trincoll.edu\/english\/"},{"@type":"ListItem","position":2,"name":"Private: Spring and Summer I Course Information","item":"https:\/\/www.trincoll.edu\/english\/?page_id=403"},{"@type":"ListItem","position":3,"name":"Upper-Level Courses","item":"https:\/\/www.trincoll.edu\/english\/spring-and-summer1-course-information\/upper-level-courses\/"},{"@type":"ListItem","position":4,"name":"Cinematic Modernism"}]},{"@type":"WebSite","@id":"https:\/\/www.trincoll.edu\/english\/#website","url":"https:\/\/www.trincoll.edu\/english\/","name":"English","description":"Department of English at Trinity College","potentialAction":[{"@type":"SearchAction","target":{"@type":"EntryPoint","urlTemplate":"https:\/\/www.trincoll.edu\/english\/?s={search_term_string}"},"query-input":{"@type":"PropertyValueSpecification","valueRequired":true,"valueName":"search_term_string"}}],"inLanguage":"en-US"}]}},"_links":{"self":[{"href":"https:\/\/www.trincoll.edu\/english\/wp-json\/wp\/v2\/pages\/815","targetHints":{"allow":["GET"]}}],"collection":[{"href":"https:\/\/www.trincoll.edu\/english\/wp-json\/wp\/v2\/pages"}],"about":[{"href":"https:\/\/www.trincoll.edu\/english\/wp-json\/wp\/v2\/types\/page"}],"author":[{"embeddable":true,"href":"https:\/\/www.trincoll.edu\/english\/wp-json\/wp\/v2\/users\/292"}],"replies":[{"embeddable":true,"href":"https:\/\/www.trincoll.edu\/english\/wp-json\/wp\/v2\/comments?post=815"}],"version-history":[{"count":0,"href":"https:\/\/www.trincoll.edu\/english\/wp-json\/wp\/v2\/pages\/815\/revisions"}],"up":[{"embeddable":true,"href":"https:\/\/www.trincoll.edu\/english\/wp-json\/wp\/v2\/pages\/423"}],"wp:attachment":[{"href":"https:\/\/www.trincoll.edu\/english\/wp-json\/wp\/v2\/media?parent=815"}],"curies":[{"name":"wp","href":"https:\/\/api.w.org\/{rel}","templated":true}]}}